{"id":2259,"date":"2023-04-22T17:02:20","date_gmt":"2023-04-22T17:02:20","guid":{"rendered":"https:\/\/emonya.fr\/the-emonya-privilege-program\/"},"modified":"2023-07-21T18:07:40","modified_gmt":"2023-07-21T18:07:40","slug":"the-emonya-privilege-program","status":"publish","type":"page","link":"https:\/\/emonya.fr\/en\/the-emonya-privilege-program\/","title":{"rendered":"The Emonya Privilege Program"},"content":{"rendered":"<p>[vc_row bg_type=&#8221;image&#8221; parallax_style=&#8221;vcpb-default&#8221; bg_image_new=&#8221;id^2044|url^https:\/\/emonya.fr\/wp-content\/uploads\/2023\/07\/photo-titre-privilege-1-scaled.webp|caption^Programme Privil\u00e8ge Emonya|alt^Programme Privil\u00e8ge Emonya|title^Programme Privil\u00e8ge Emonya|description^Programme Privil\u00e8ge Emonya&#8221; bg_image_repeat=&#8221;no-repeat&#8221; bg_override=&#8221;browser_size&#8221;][vc_column][vc_column_text][\/vc_column_text][\/vc_column][\/vc_row][vc_row][vc_column][vc_empty_space][vc_column_text]<\/p>\n<div class=\"geant\">Expand your wellness routine with an exclusive program combining mind-body techniques, shiatsu, yoga, meditation and much more for just \u20ac97\/month (no commitment)!<\/div>\n<p>[\/vc_column_text][vc_empty_space height=&#8221;10px&#8221;][vc_column_text]<\/p>\n<div class=\"geant\">By choosing the PRIVIL\u00c8GE program, you&#8217;ll enjoy the following services every month, at my office (Antibes) or at your home (towns served: Antibes, Biot, Valbonne, Mougins, Mouans-Sartoux, Roquefort les Pins)<\/div>\n<p>[\/vc_column_text][vc_empty_space height=&#8221;10px&#8221;][\/vc_column][\/vc_row][vc_row][vc_column][vc_column_text]\ud83c\udf08 <strong>1 body-psychological consultation: <\/strong>60 minutes just for you to work in depth on your wounds, blockages, fears and deepest desires via the unique alliance of cognitive-behavioral therapy combined with bodywork! (Value: 62\u20ac).<br \/>\n<a href=\"https:\/\/emonya.fr\/therapie-psycho-corporelle\/\">Read more  <\/a>[\/vc_column_text][vc_empty_space height=&#8221;10px&#8221;][\/vc_column][\/vc_row][vc_row][vc_column][vc_column_text]<strong>\ud83d\udc86\u200d1 Shiatsu session:<\/strong> Enjoy a 60-minute wellness interlude to deeply relax and release all your tensions (Value: \u20ac60).<br \/>\n<a href=\"https:\/\/emonya.fr\/en\/?page_id=2262\">Read more<\/a>[\/vc_column_text][vc_empty_space height=&#8221;10px&#8221;][\/vc_column][\/vc_row][vc_row][vc_column][vc_column_text]<a href=\"https:\/\/emojipedia.org\/fr\/soleil\/\">\u2600<\/a> <strong>Unlimited access to outdoor yoga sessions<\/strong>: Take part in yoga sessions on the beach or in a park every Saturday and recharge your batteries in contact with nature (Value: \u20ac60).<br \/>\n<a href=\"https:\/\/emonya.fr\/en\/?page_id=2266\">Read more<\/a>[\/vc_column_text][\/vc_column][\/vc_row][vc_row][vc_column][vc_empty_space][vc_column_text]<strong><span style=\"text-decoration: underline;\">Bonus<\/span><\/strong>[\/vc_column_text][vc_empty_space height=&#8221;10px&#8221;][\/vc_column][\/vc_row][vc_row][vc_column][vc_column_text]\ud83c\udf4f <strong>Valuable lifestyle advice<\/strong>: get tips on sleep, nutrition, natural skincare and improve your quality of life through my private newsletter![\/vc_column_text][vc_empty_space height=&#8221;10px&#8221;][\/vc_column][\/vc_row][vc_row][vc_column][vc_column_text]\ud83c\udfa5 <strong>Private masterclasses<\/strong> on a theme or workshop on well-being, relaxation, relaxation: 90 minutes live where we meet to discuss a well-being topic and discover a surprise resource that I&#8217;ll give you at the end of the session![\/vc_column_text][vc_empty_space height=&#8221;10px&#8221;][\/vc_column][\/vc_row][vc_row][vc_column][vc_column_text]\u2728A<strong>private Facebook group reserved for subscribers:<\/strong> so you don&#8217;t miss out on any practical information about the activities on offer at Emonya.[\/vc_column_text][vc_empty_space height=&#8221;10px&#8221;][\/vc_column][\/vc_row][vc_row][vc_column][vc_column_text]\ud83d\udcb0 <strong>Unbeatable value for money: <\/strong>Get the full \u20ac242 package for just \u20ac97 a month![\/vc_column_text][vc_empty_space height=&#8221;10px&#8221;][\/vc_column][\/vc_row][vc_row][vc_column][vc_column_text]<strong>\ud83d\udc8e No commitment:<\/strong> you can cancel at any time[\/vc_column_text][vc_empty_space height=&#8221;10px&#8221;][\/vc_column][\/vc_row][vc_row][vc_column][vc_column_text]<\/p>\n<div class=\"inter\">Don&#8217;t miss this opportunity to pamper yourself and transform your life with Emonya&#8217;s PRIVIL\u00c8GE program!<\/div>\n<p>[\/vc_column_text][vc_empty_space][\/vc_column][\/vc_row][vc_row][vc_column][vc_btn title=&#8221;I subscribe&#8221; link=&#8221;url:https%3A%2F%2Fcalendly.com%2Fcabinetemonya%2Fprogramme-privilege-emonya-abonnement-mensuel-97%3Fmonth%3D2023-07|title:I%20subscribe|target:_blank|&#8221;][vc_empty_space height=&#8221;10px&#8221;][\/vc_column][\/vc_row]<\/p>\n","protected":false},"excerpt":{"rendered":"<p>[vc_row bg_type=&#8221;image&#8221; parallax_style=&#8221;vcpb-default&#8221; bg_image_new=&#8221;id^2044|url^https:\/\/emonya.fr\/wp-content\/uploads\/2023\/07\/photo-titre-privilege-1-scaled.webp|caption^Programme Privil\u00e8ge Emonya|alt^Programme Privil\u00e8ge Emonya|title^Programme Privil\u00e8ge Emonya|description^Programme Privil\u00e8ge Emonya&#8221; bg_image_repeat=&#8221;no-repeat&#8221; bg_override=&#8221;browser_size&#8221;][vc_column][vc_column_text][\/vc_column_text][\/vc_column][\/vc_row][vc_row][vc_column][vc_empty_space][vc_column_text] Expand your wellness routine with an exclusive program combining mind-body techniques, shiatsu, yoga, meditation and much more for just \u20ac97\/month (no commitment)! [\/vc_column_text][vc_empty_space height=&#8221;10px&#8221;][vc_column_text] By choosing the PRIVIL\u00c8GE program, you&#8217;ll enjoy the following services every month, at my office (Antibes) or [&hellip;]<\/p>\n","protected":false},"author":1,"featured_media":0,"parent":0,"menu_order":0,"comment_status":"closed","ping_status":"closed","template":"","meta":{"om_disable_all_campaigns":false,"_monsterinsights_skip_tracking":false,"_monsterinsights_sitenote_active":false,"_monsterinsights_sitenote_note":"","_monsterinsights_sitenote_category":0,"_uf_show_specific_survey":0,"_uf_disable_surveys":false,"footnotes":""},"class_list":["post-2259","page","type-page","status-publish","hentry"],"aioseo_notices":[],"yoast_head":"<!-- This site is optimized with the Yoast SEO plugin v27.3 - https:\/\/yoast.com\/product\/yoast-seo-wordpress\/ -->\n<title>The Emonya Privilege Program - Cabinet Emonya<\/title>\n<meta name=\"description\" content=\"Expand your wellness routine with the exclusive Emonya Privilege Program combining bodymind exercises, shiatsu, yoga, meditation and much more for just \u20ac97\/month (no commitment)!\" \/>\n<meta name=\"robots\" content=\"index, follow, max-snippet:-1, max-image-preview:large, max-video-preview:-1\" \/>\n<link rel=\"canonical\" href=\"https:\/\/emonya.fr\/en\/the-emonya-privilege-program\/\" \/>\n<meta property=\"og:locale\" content=\"en_US\" \/>\n<meta property=\"og:type\" content=\"article\" \/>\n<meta property=\"og:title\" content=\"The Emonya Privilege Program - Cabinet Emonya\" \/>\n<meta property=\"og:description\" content=\"Expand your wellness routine with the exclusive Emonya Privilege Program combining bodymind exercises, shiatsu, yoga, meditation and much more for just \u20ac97\/month (no commitment)!\" \/>\n<meta property=\"og:url\" content=\"https:\/\/emonya.fr\/en\/the-emonya-privilege-program\/\" \/>\n<meta property=\"og:site_name\" content=\"Cabinet Emonya\" \/>\n<meta property=\"article:modified_time\" content=\"2023-07-21T18:07:40+00:00\" \/>\n<meta name=\"twitter:card\" content=\"summary_large_image\" \/>\n<meta name=\"twitter:label1\" content=\"Est. reading time\" \/>\n\t<meta name=\"twitter:data1\" content=\"3 minutes\" \/>\n<script type=\"application\/ld+json\" class=\"yoast-schema-graph\">{\"@context\":\"https:\\\/\\\/schema.org\",\"@graph\":[{\"@type\":\"WebPage\",\"@id\":\"https:\\\/\\\/emonya.fr\\\/en\\\/the-emonya-privilege-program\\\/\",\"url\":\"https:\\\/\\\/emonya.fr\\\/en\\\/the-emonya-privilege-program\\\/\",\"name\":\"The Emonya Privilege Program - Cabinet Emonya\",\"isPartOf\":{\"@id\":\"https:\\\/\\\/emonya.fr\\\/en\\\/#website\"},\"datePublished\":\"2023-04-22T17:02:20+00:00\",\"dateModified\":\"2023-07-21T18:07:40+00:00\",\"description\":\"Expand your wellness routine with the exclusive Emonya Privilege Program combining bodymind exercises, shiatsu, yoga, meditation and much more for just \u20ac97\\\/month (no commitment)!\",\"breadcrumb\":{\"@id\":\"https:\\\/\\\/emonya.fr\\\/en\\\/the-emonya-privilege-program\\\/#breadcrumb\"},\"inLanguage\":\"en-US\",\"potentialAction\":[{\"@type\":\"ReadAction\",\"target\":[\"https:\\\/\\\/emonya.fr\\\/en\\\/the-emonya-privilege-program\\\/\"]}]},{\"@type\":\"BreadcrumbList\",\"@id\":\"https:\\\/\\\/emonya.fr\\\/en\\\/the-emonya-privilege-program\\\/#breadcrumb\",\"itemListElement\":[{\"@type\":\"ListItem\",\"position\":1,\"name\":\"Accueil\",\"item\":\"https:\\\/\\\/emonya.fr\\\/en\\\/cabinet-emonya\\\/\"},{\"@type\":\"ListItem\",\"position\":2,\"name\":\"The Emonya Privilege Program\"}]},{\"@type\":\"WebSite\",\"@id\":\"https:\\\/\\\/emonya.fr\\\/en\\\/#website\",\"url\":\"https:\\\/\\\/emonya.fr\\\/en\\\/\",\"name\":\"Cabinet Emonya\",\"description\":\"\",\"publisher\":{\"@id\":\"https:\\\/\\\/emonya.fr\\\/en\\\/#organization\"},\"potentialAction\":[{\"@type\":\"SearchAction\",\"target\":{\"@type\":\"EntryPoint\",\"urlTemplate\":\"https:\\\/\\\/emonya.fr\\\/en\\\/?s={search_term_string}\"},\"query-input\":{\"@type\":\"PropertyValueSpecification\",\"valueRequired\":true,\"valueName\":\"search_term_string\"}}],\"inLanguage\":\"en-US\"},{\"@type\":\"Organization\",\"@id\":\"https:\\\/\\\/emonya.fr\\\/en\\\/#organization\",\"name\":\"Cabinet Emonya\",\"url\":\"https:\\\/\\\/emonya.fr\\\/en\\\/\",\"logo\":{\"@type\":\"ImageObject\",\"inLanguage\":\"en-US\",\"@id\":\"https:\\\/\\\/emonya.fr\\\/en\\\/#\\\/schema\\\/logo\\\/image\\\/\",\"url\":\"https:\\\/\\\/emonya.fr\\\/wp-content\\\/uploads\\\/2021\\\/10\\\/cropped-LOGO_DEF_AVEC-NOM_CENTRE9.jpg\",\"contentUrl\":\"https:\\\/\\\/emonya.fr\\\/wp-content\\\/uploads\\\/2021\\\/10\\\/cropped-LOGO_DEF_AVEC-NOM_CENTRE9.jpg\",\"width\":190,\"height\":190,\"caption\":\"Cabinet Emonya\"},\"image\":{\"@id\":\"https:\\\/\\\/emonya.fr\\\/en\\\/#\\\/schema\\\/logo\\\/image\\\/\"},\"sameAs\":[\"https:\\\/\\\/fr.linkedin.com\\\/in\\\/romana-briffa-benard-4990b3217\"]}]}<\/script>\n<!-- \/ Yoast SEO plugin. -->","yoast_head_json":{"title":"The Emonya Privilege Program - Cabinet Emonya","description":"Expand your wellness routine with the exclusive Emonya Privilege Program combining bodymind exercises, shiatsu, yoga, meditation and much more for just \u20ac97\/month (no commitment)!","robots":{"index":"index","follow":"follow","max-snippet":"max-snippet:-1","max-image-preview":"max-image-preview:large","max-video-preview":"max-video-preview:-1"},"canonical":"https:\/\/emonya.fr\/en\/the-emonya-privilege-program\/","og_locale":"en_US","og_type":"article","og_title":"The Emonya Privilege Program - Cabinet Emonya","og_description":"Expand your wellness routine with the exclusive Emonya Privilege Program combining bodymind exercises, shiatsu, yoga, meditation and much more for just \u20ac97\/month (no commitment)!","og_url":"https:\/\/emonya.fr\/en\/the-emonya-privilege-program\/","og_site_name":"Cabinet Emonya","article_modified_time":"2023-07-21T18:07:40+00:00","twitter_card":"summary_large_image","twitter_misc":{"Est. reading time":"3 minutes"},"schema":{"@context":"https:\/\/schema.org","@graph":[{"@type":"WebPage","@id":"https:\/\/emonya.fr\/en\/the-emonya-privilege-program\/","url":"https:\/\/emonya.fr\/en\/the-emonya-privilege-program\/","name":"The Emonya Privilege Program - Cabinet Emonya","isPartOf":{"@id":"https:\/\/emonya.fr\/en\/#website"},"datePublished":"2023-04-22T17:02:20+00:00","dateModified":"2023-07-21T18:07:40+00:00","description":"Expand your wellness routine with the exclusive Emonya Privilege Program combining bodymind exercises, shiatsu, yoga, meditation and much more for just \u20ac97\/month (no commitment)!","breadcrumb":{"@id":"https:\/\/emonya.fr\/en\/the-emonya-privilege-program\/#breadcrumb"},"inLanguage":"en-US","potentialAction":[{"@type":"ReadAction","target":["https:\/\/emonya.fr\/en\/the-emonya-privilege-program\/"]}]},{"@type":"BreadcrumbList","@id":"https:\/\/emonya.fr\/en\/the-emonya-privilege-program\/#breadcrumb","itemListElement":[{"@type":"ListItem","position":1,"name":"Accueil","item":"https:\/\/emonya.fr\/en\/cabinet-emonya\/"},{"@type":"ListItem","position":2,"name":"The Emonya Privilege Program"}]},{"@type":"WebSite","@id":"https:\/\/emonya.fr\/en\/#website","url":"https:\/\/emonya.fr\/en\/","name":"Cabinet Emonya","description":"","publisher":{"@id":"https:\/\/emonya.fr\/en\/#organization"},"potentialAction":[{"@type":"SearchAction","target":{"@type":"EntryPoint","urlTemplate":"https:\/\/emonya.fr\/en\/?s={search_term_string}"},"query-input":{"@type":"PropertyValueSpecification","valueRequired":true,"valueName":"search_term_string"}}],"inLanguage":"en-US"},{"@type":"Organization","@id":"https:\/\/emonya.fr\/en\/#organization","name":"Cabinet Emonya","url":"https:\/\/emonya.fr\/en\/","logo":{"@type":"ImageObject","inLanguage":"en-US","@id":"https:\/\/emonya.fr\/en\/#\/schema\/logo\/image\/","url":"https:\/\/emonya.fr\/wp-content\/uploads\/2021\/10\/cropped-LOGO_DEF_AVEC-NOM_CENTRE9.jpg","contentUrl":"https:\/\/emonya.fr\/wp-content\/uploads\/2021\/10\/cropped-LOGO_DEF_AVEC-NOM_CENTRE9.jpg","width":190,"height":190,"caption":"Cabinet Emonya"},"image":{"@id":"https:\/\/emonya.fr\/en\/#\/schema\/logo\/image\/"},"sameAs":["https:\/\/fr.linkedin.com\/in\/romana-briffa-benard-4990b3217"]}]}},"_links":{"self":[{"href":"https:\/\/emonya.fr\/en\/wp-json\/wp\/v2\/pages\/2259","targetHints":{"allow":["GET"]}}],"collection":[{"href":"https:\/\/emonya.fr\/en\/wp-json\/wp\/v2\/pages"}],"about":[{"href":"https:\/\/emonya.fr\/en\/wp-json\/wp\/v2\/types\/page"}],"author":[{"embeddable":true,"href":"https:\/\/emonya.fr\/en\/wp-json\/wp\/v2\/users\/1"}],"replies":[{"embeddable":true,"href":"https:\/\/emonya.fr\/en\/wp-json\/wp\/v2\/comments?post=2259"}],"version-history":[{"count":10,"href":"https:\/\/emonya.fr\/en\/wp-json\/wp\/v2\/pages\/2259\/revisions"}],"predecessor-version":[{"id":2283,"href":"https:\/\/emonya.fr\/en\/wp-json\/wp\/v2\/pages\/2259\/revisions\/2283"}],"wp:attachment":[{"href":"https:\/\/emonya.fr\/en\/wp-json\/wp\/v2\/media?parent=2259"}],"curies":[{"name":"wp","href":"https:\/\/api.w.org\/{rel}","templated":true}]}}